{"id":2081,"date":"2025-02-14T11:54:05","date_gmt":"2025-02-14T15:54:05","guid":{"rendered":"https:\/\/calendo.io\/demonstration\/"},"modified":"2025-04-10T07:52:45","modified_gmt":"2025-04-10T11:52:45","slug":"demonstration","status":"publish","type":"page","link":"https:\/\/calendo.io\/fr\/demonstration\/","title":{"rendered":"D\u00e9monstration"},"content":{"rendered":"\t\t<div data-elementor-type=\"wp-page\" data-elementor-id=\"2081\" class=\"elementor elementor-2081 elementor-1668\">\n\t\t\t\t\t\t<section class=\"elementor-section elementor-top-section elementor-element elementor-element-e408d0e elementor-section-height-min-height page_banner_section elementor-section-full_width elementor-section-height-default elementor-section-items-middle\" data-id=\"e408d0e\" data-element_type=\"section\" data-e-type=\"section\" data-settings=\"{&quot;background_background&quot;:&quot;classic&quot;}\">\n\t\t\t\t\t\t\t<div class=\"elementor-background-overlay\"><\/div>\n\t\t\t\t\t\t\t<div class=\"elementor-container elementor-column-gap-default\">\n\t\t\t\t\t<div class=\"elementor-column elementor-col-100 elementor-top-column elementor-element elementor-element-05b9320\" data-id=\"05b9320\" data-element_type=\"column\" data-e-type=\"column\">\n\t\t\t<div class=\"elementor-widget-wrap elementor-element-populated\">\n\t\t\t\t\t\t<div class=\"elementor-element elementor-element-eccdde1 elementor-widget elementor-widget-heading\" data-id=\"eccdde1\" data-element_type=\"widget\" data-e-type=\"widget\" data-widget_type=\"heading.default\">\n\t\t\t\t<div class=\"elementor-widget-container\">\n\t\t\t\t\t<h1 class=\"elementor-heading-title elementor-size-default\">Merci de votre int\u00e9r\u00eat pour Calendo!<\/h1>\t\t\t\t<\/div>\n\t\t\t\t<\/div>\n\t\t\t\t<div class=\"elementor-element elementor-element-4a604d4 elementor-widget elementor-widget-text-editor\" data-id=\"4a604d4\" data-element_type=\"widget\" data-e-type=\"widget\" data-widget_type=\"text-editor.default\">\n\t\t\t\t<div class=\"elementor-widget-container\">\n\t\t\t\t\t\t\t\t\t<p>Que vous soyez technop\u00e9dagogue, professionnel de l\u2019informatique ou membre de l\u2019administration, n\u2019h\u00e9sitez pas \u00e0 nous contacter pour toute question ou pour demander une d\u00e9monstration exploratoire.<\/p>\t\t\t\t\t\t\t\t<\/div>\n\t\t\t\t<\/div>\n\t\t\t\t\t<\/div>\n\t\t<\/div>\n\t\t\t\t\t<\/div>\n\t\t<\/section>\n\t\t\t\t<section class=\"elementor-section elementor-top-section elementor-element elementor-element-8a4ed4a elementor-section-boxed elementor-section-height-default elementor-section-height-default\" data-id=\"8a4ed4a\" data-element_type=\"section\" data-e-type=\"section\">\n\t\t\t\t\t\t<div class=\"elementor-container elementor-column-gap-default\">\n\t\t\t\t\t<div class=\"elementor-column elementor-col-100 elementor-top-column elementor-element elementor-element-d30b679\" data-id=\"d30b679\" data-element_type=\"column\" data-e-type=\"column\">\n\t\t\t<div class=\"elementor-widget-wrap elementor-element-populated\">\n\t\t\t\t\t\t<div class=\"elementor-element elementor-element-087510a elementor-widget elementor-widget-heading\" data-id=\"087510a\" data-element_type=\"widget\" data-e-type=\"widget\" data-widget_type=\"heading.default\">\n\t\t\t\t<div class=\"elementor-widget-container\">\n\t\t\t\t\t<h2 class=\"elementor-heading-title elementor-size-default\">Pendant la d\u00e9monstration, nos experts r\u00e9pondent \u00e0 toutes vos questions<\/h2>\t\t\t\t<\/div>\n\t\t\t\t<\/div>\n\t\t\t\t\t<\/div>\n\t\t<\/div>\n\t\t\t\t\t<\/div>\n\t\t<\/section>\n\t\t\t\t<section class=\"elementor-section elementor-top-section elementor-element elementor-element-fe8ab4e contact_icons_section elementor-section-boxed elementor-section-height-default elementor-section-height-default\" data-id=\"fe8ab4e\" data-element_type=\"section\" data-e-type=\"section\">\n\t\t\t\t\t\t<div class=\"elementor-container elementor-column-gap-default\">\n\t\t\t\t\t<div class=\"elementor-column elementor-col-100 elementor-top-column elementor-element elementor-element-200d02b\" data-id=\"200d02b\" data-element_type=\"column\" data-e-type=\"column\">\n\t\t\t<div class=\"elementor-widget-wrap elementor-element-populated\">\n\t\t\t\t\t\t<div class=\"elementor-section elementor-inner-section elementor-element elementor-element-a227d6f elementor-section-boxed elementor-section-height-default elementor-section-height-default\" data-id=\"a227d6f\" data-element_type=\"section\" data-e-type=\"section\">\n\t\t\t\t\t\t<div class=\"elementor-container elementor-column-gap-default\">\n\t\t\t\t\t<div class=\"elementor-column elementor-col-33 elementor-inner-column elementor-element elementor-element-5faa8bb icon_column\" data-id=\"5faa8bb\" data-element_type=\"column\" data-e-type=\"column\">\n\t\t\t<div class=\"elementor-widget-wrap elementor-element-populated\">\n\t\t\t\t\t\t<div class=\"elementor-element elementor-element-7e2d070 elementor-widget elementor-widget-image\" data-id=\"7e2d070\" data-element_type=\"widget\" data-e-type=\"widget\" data-widget_type=\"image.default\">\n\t\t\t\t<div class=\"elementor-widget-container\">\n\t\t\t\t\t\t\t\t\t\t\t\t\t\t\t<img decoding=\"async\" width=\"64\" height=\"64\" src=\"\/wp-content\/uploads\/2025\/02\/gift-box-1.png\" class=\"attachment-large size-large wp-image-1889\" alt=\"\" \/>\t\t\t\t\t\t\t\t\t\t\t\t\t\t\t<\/div>\n\t\t\t\t<\/div>\n\t\t\t\t<div class=\"elementor-element elementor-element-4ca71ed elementor-widget elementor-widget-text-editor\" data-id=\"4ca71ed\" data-element_type=\"widget\" data-e-type=\"widget\" data-widget_type=\"text-editor.default\">\n\t\t\t\t<div class=\"elementor-widget-container\">\n\t\t\t\t\t\t\t\t\t<p>Gratuit<\/p>\t\t\t\t\t\t\t\t<\/div>\n\t\t\t\t<\/div>\n\t\t\t\t\t<\/div>\n\t\t<\/div>\n\t\t\t\t<div class=\"elementor-column elementor-col-33 elementor-inner-column elementor-element elementor-element-e8bc27b icon_column\" data-id=\"e8bc27b\" data-element_type=\"column\" data-e-type=\"column\">\n\t\t\t<div class=\"elementor-widget-wrap elementor-element-populated\">\n\t\t\t\t\t\t<div class=\"elementor-element elementor-element-87fbdc4 elementor-widget elementor-widget-image\" data-id=\"87fbdc4\" data-element_type=\"widget\" data-e-type=\"widget\" data-widget_type=\"image.default\">\n\t\t\t\t<div class=\"elementor-widget-container\">\n\t\t\t\t\t\t\t\t\t\t\t\t\t\t\t<img decoding=\"async\" width=\"64\" height=\"64\" src=\"\/wp-content\/uploads\/2025\/02\/like-1-1.png\" class=\"attachment-large size-large wp-image-1890\" alt=\"\" \/>\t\t\t\t\t\t\t\t\t\t\t\t\t\t\t<\/div>\n\t\t\t\t<\/div>\n\t\t\t\t<div class=\"elementor-element elementor-element-b5c5fbb elementor-widget elementor-widget-text-editor\" data-id=\"b5c5fbb\" data-element_type=\"widget\" data-e-type=\"widget\" data-widget_type=\"text-editor.default\">\n\t\t\t\t<div class=\"elementor-widget-container\">\n\t\t\t\t\t\t\t\t\t<p>Sans engagement<\/p><div class=\"elementor-column elementor-col-33 elementor-inner-column elementor-element elementor-element-b621cc1 icon_column\" data-id=\"b621cc1\" data-element_type=\"column\"><div class=\"elementor-widget-wrap elementor-element-populated\"><div class=\"elementor-element elementor-element-1faa903 elementor-widget elementor-widget-image\" data-id=\"1faa903\" data-element_type=\"widget\" data-widget_type=\"image.default\"> <\/div><\/div><\/div>\t\t\t\t\t\t\t\t<\/div>\n\t\t\t\t<\/div>\n\t\t\t\t\t<\/div>\n\t\t<\/div>\n\t\t\t\t<div class=\"elementor-column elementor-col-33 elementor-inner-column elementor-element elementor-element-913bb14 icon_column\" data-id=\"913bb14\" data-element_type=\"column\" data-e-type=\"column\">\n\t\t\t<div class=\"elementor-widget-wrap elementor-element-populated\">\n\t\t\t\t\t\t<div class=\"elementor-element elementor-element-4819fcd elementor-widget elementor-widget-image\" data-id=\"4819fcd\" data-element_type=\"widget\" data-e-type=\"widget\" data-widget_type=\"image.default\">\n\t\t\t\t<div class=\"elementor-widget-container\">\n\t\t\t\t\t\t\t\t\t\t\t\t\t\t\t<img decoding=\"async\" width=\"64\" height=\"64\" src=\"\/wp-content\/uploads\/2025\/02\/clock-2-1.png\" class=\"attachment-large size-large wp-image-1891\" alt=\"\" \/>\t\t\t\t\t\t\t\t\t\t\t\t\t\t\t<\/div>\n\t\t\t\t<\/div>\n\t\t\t\t<div class=\"elementor-element elementor-element-fb02324 elementor-widget elementor-widget-text-editor\" data-id=\"fb02324\" data-element_type=\"widget\" data-e-type=\"widget\" data-widget_type=\"text-editor.default\">\n\t\t\t\t<div class=\"elementor-widget-container\">\n\t\t\t\t\t\t\t\t\t<p>Environ 30 minutes<\/p>\t\t\t\t\t\t\t\t<\/div>\n\t\t\t\t<\/div>\n\t\t\t\t\t<\/div>\n\t\t<\/div>\n\t\t\t\t\t<\/div>\n\t\t<\/div>\n\t\t\t\t\t<\/div>\n\t\t<\/div>\n\t\t\t\t\t<\/div>\n\t\t<\/section>\n\t\t\t\t<section class=\"elementor-section elementor-top-section elementor-element elementor-element-4a6183e elementor-section-full_width elementor-section-height-default elementor-section-height-default\" data-id=\"4a6183e\" data-element_type=\"section\" data-e-type=\"section\" data-settings=\"{&quot;background_background&quot;:&quot;classic&quot;}\">\n\t\t\t\t\t\t<div class=\"elementor-container elementor-column-gap-no\">\n\t\t\t\t\t<div class=\"elementor-column elementor-col-50 elementor-top-column elementor-element elementor-element-4c02688\" data-id=\"4c02688\" data-element_type=\"column\" data-e-type=\"column\" data-settings=\"{&quot;background_background&quot;:&quot;classic&quot;}\">\n\t\t\t<div class=\"elementor-widget-wrap elementor-element-populated\">\n\t\t\t\t\t\t<div class=\"elementor-element elementor-element-0fbc741 elementor-widget elementor-widget-spacer\" data-id=\"0fbc741\" data-element_type=\"widget\" data-e-type=\"widget\" data-widget_type=\"spacer.default\">\n\t\t\t\t<div class=\"elementor-widget-container\">\n\t\t\t\t\t\t\t<div class=\"elementor-spacer\">\n\t\t\t<div class=\"elementor-spacer-inner\"><\/div>\n\t\t<\/div>\n\t\t\t\t\t\t<\/div>\n\t\t\t\t<\/div>\n\t\t\t\t\t<\/div>\n\t\t<\/div>\n\t\t\t\t<div class=\"elementor-column elementor-col-50 elementor-top-column elementor-element elementor-element-28f93cd\" data-id=\"28f93cd\" data-element_type=\"column\" data-e-type=\"column\">\n\t\t\t<div class=\"elementor-widget-wrap elementor-element-populated\">\n\t\t\t\t\t\t<section class=\"elementor-section elementor-inner-section elementor-element elementor-element-0989fa5 elementor-section-boxed elementor-section-height-default elementor-section-height-default\" data-id=\"0989fa5\" data-element_type=\"section\" data-e-type=\"section\">\n\t\t\t\t\t\t<div class=\"elementor-container elementor-column-gap-default\">\n\t\t\t\t\t<div class=\"elementor-column elementor-col-100 elementor-inner-column elementor-element elementor-element-e977c59 presentation_form_column\" data-id=\"e977c59\" data-element_type=\"column\" data-e-type=\"column\">\n\t\t\t<div class=\"elementor-widget-wrap elementor-element-populated\">\n\t\t\t\t\t\t<div class=\"elementor-element elementor-element-28b7e79 elementor-widget elementor-widget-heading\" data-id=\"28b7e79\" data-element_type=\"widget\" data-e-type=\"widget\" data-widget_type=\"heading.default\">\n\t\t\t\t<div class=\"elementor-widget-container\">\n\t\t\t\t\t<h3 class=\"elementor-heading-title elementor-size-default\">Voici quelques questions qui nous permettront de mieux cibler notre pr\u00e9sentation.\n<\/h3>\t\t\t\t<\/div>\n\t\t\t\t<\/div>\n\t\t\t\t<div class=\"elementor-element elementor-element-4309ff0 elementor-widget elementor-widget-shortcode\" data-id=\"4309ff0\" data-element_type=\"widget\" data-e-type=\"widget\" data-widget_type=\"shortcode.default\">\n\t\t\t\t<div class=\"elementor-widget-container\">\n\t\t\t\t\t\t\t<div class=\"elementor-shortcode\"><div class=\"frm_forms  with_frm_style frm_style_formidable-style\" id=\"frm_form_2_container\" >\n<form enctype=\"multipart\/form-data\" method=\"post\" class=\"frm-show-form \" id=\"form_demandezunedmo\" >\n<div class=\"frm_form_fields \">\n<fieldset>\n<legend class=\"frm_screen_reader\">Demandez une d\u00e9mo<\/legend>\r\n\r\n<div class=\"frm_fields_container\">\n<input type=\"hidden\" name=\"frm_action\" value=\"create\" \/>\n<input type=\"hidden\" name=\"form_id\" value=\"2\" \/>\n<input type=\"hidden\" name=\"frm_hide_fields_2\" id=\"frm_hide_fields_2\" value=\"\" \/>\n<input type=\"hidden\" name=\"form_key\" value=\"demandezunedmo\" \/>\n<input type=\"hidden\" name=\"item_meta[0]\" value=\"\" \/>\n<input type=\"hidden\" id=\"frm_submit_entry_2\" name=\"frm_submit_entry_2\" value=\"ffe2f7140f\" \/><input type=\"hidden\" name=\"_wp_http_referer\" value=\"\/fr\/wp-json\/wp\/v2\/pages\/2081\" \/><div id=\"frm_field_6_container\" class=\"frm_form_field form-field  frm_required_field frm_top_container frm12\">\r\n    <label for=\"field_1vdfs\" id=\"field_1vdfs_label\" class=\"frm_primary_label\">Pr\u00e9nom\r\n        <span class=\"frm_required\" aria-hidden=\"true\">*<\/span>\r\n    <\/label>\r\n    <input type=\"text\" id=\"field_1vdfs\" name=\"item_meta[6]\" value=\"\"  placeholder=\"Pr\u00e9nom\" data-reqmsg=\"Pr\u00e9nom cannot be blank.\" aria-required=\"true\" data-invmsg=\"Text is invalid\" aria-invalid=\"false\"  \/>\r\n    \r\n    \r\n<\/div>\n<div id=\"frm_field_7_container\" class=\"frm_form_field form-field  frm_required_field frm_top_container frm12\">\r\n    <label for=\"field_iovq0\" id=\"field_iovq0_label\" class=\"frm_primary_label\">Nom de famille\r\n        <span class=\"frm_required\" aria-hidden=\"true\">*<\/span>\r\n    <\/label>\r\n    <input type=\"text\" id=\"field_iovq0\" name=\"item_meta[7]\" value=\"\"  placeholder=\"Nom de famille\" data-reqmsg=\"Nom de famille cannot be blank.\" aria-required=\"true\" data-invmsg=\"Text is invalid\" aria-invalid=\"false\"  \/>\r\n    \r\n    \r\n<\/div>\n<div id=\"frm_field_8_container\" class=\"frm_form_field form-field  frm_required_field frm_top_container frm12\">\r\n    <label for=\"field_2lzdh\" id=\"field_2lzdh_label\" class=\"frm_primary_label\">E-mail\r\n        <span class=\"frm_required\" aria-hidden=\"true\">*<\/span>\r\n    <\/label>\r\n    <input type=\"email\" id=\"field_2lzdh\" name=\"item_meta[8]\" value=\"\"  placeholder=\"exemple@courriel.com\" data-reqmsg=\"E-mail cannot be blank.\" aria-required=\"true\" data-invmsg=\"Le courriel est invalide\" aria-invalid=\"false\"  \/>\r\n    \r\n    \r\n<\/div>\n<div id=\"frm_field_9_container\" class=\"frm_form_field form-field  frm_top_container frm12\">\r\n    <label for=\"field_i2clv\" id=\"field_i2clv_label\" class=\"frm_primary_label\">\u00c9tablissement scolaire\r\n        <span class=\"frm_required\" aria-hidden=\"true\"><\/span>\r\n    <\/label>\r\n    <input type=\"text\" id=\"field_i2clv\" name=\"item_meta[9]\" value=\"\"  placeholder=\"\u00c9tablissement scolaire\" data-invmsg=\"Text is invalid\" aria-invalid=\"false\"  \/>\r\n    \r\n    \r\n<\/div>\n<div id=\"frm_field_10_container\" class=\"frm_form_field form-field  frm_required_field frm_top_container frm12 vertical_radio\">\r\n    <div  id=\"field_pmsva_label\" class=\"frm_primary_label\">Type d\u2019\u00e9tablissement d\u2019enseignement\r\n        <span class=\"frm_required\" aria-hidden=\"true\">*<\/span>\r\n    <\/div>\r\n    <div class=\"frm_opt_container\" aria-labelledby=\"field_pmsva_label\" role=\"group\">\t\t<div class=\"frm_checkbox\" id=\"frm_checkbox_10-0\">\t\t\t<label  for=\"field_pmsva-0\">\n\t\t\t<input type=\"checkbox\" name=\"item_meta[10][]\" id=\"field_pmsva-0\" value=\"Enseignement g\u00e9n\u00e9ral\"  data-reqmsg=\"Type d\u2019\u00e9tablissement d\u2019enseignement cannot be blank.\" data-invmsg=\"Type d\u2019\u00e9tablissement d\u2019enseignement est non valide\"   aria-required=\"true\"  \/> Enseignement g\u00e9n\u00e9ral<\/label><\/div>\n\t\t<div class=\"frm_checkbox\" id=\"frm_checkbox_10-1\">\t\t\t<label  for=\"field_pmsva-1\">\n\t\t\t<input type=\"checkbox\" name=\"item_meta[10][]\" id=\"field_pmsva-1\" value=\"Formation continue\"  data-reqmsg=\"Type d\u2019\u00e9tablissement d\u2019enseignement cannot be blank.\" data-invmsg=\"Type d\u2019\u00e9tablissement d\u2019enseignement est non valide\"   \/> Formation continue<\/label><\/div>\n\t\t<div class=\"frm_checkbox\" id=\"frm_checkbox_10-2\">\t\t\t<label  for=\"field_pmsva-2\">\n\t\t\t<input type=\"checkbox\" name=\"item_meta[10][]\" id=\"field_pmsva-2\" value=\"Formation professionnelle\"  data-reqmsg=\"Type d\u2019\u00e9tablissement d\u2019enseignement cannot be blank.\" data-invmsg=\"Type d\u2019\u00e9tablissement d\u2019enseignement est non valide\"   \/> Formation professionnelle<\/label><\/div>\n<\/div>\r\n    \r\n    \r\n<\/div>\n<div id=\"frm_field_11_container\" class=\"frm_form_field form-field  frm_required_field frm_top_container frm12 vertical_radio\">\r\n    <div  id=\"field_irsle_label\" class=\"frm_primary_label\">Quel est votre poste ?\r\n        <span class=\"frm_required\" aria-hidden=\"true\">*<\/span>\r\n    <\/div>\r\n    <div class=\"frm_opt_container\" aria-labelledby=\"field_irsle_label\" role=\"radiogroup\" aria-required=\"true\">\t\t<div class=\"frm_radio\" id=\"frm_radio_11-0\">\t\t\t<label  for=\"field_irsle-0\">\n\t\t\t\t\t<input type=\"radio\" name=\"item_meta[11]\" id=\"field_irsle-0\" value=\"Je suis conseiller TIC \/ coach en technologie \u00e9ducative\"\n\t\t data-reqmsg=\"Quel est votre poste ? cannot be blank.\" data-invmsg=\"Quel est votre poste ? est non valide\"   \/> Je suis conseiller TIC \/ coach en technologie \u00e9ducative<\/label><\/div>\n\t\t<div class=\"frm_radio\" id=\"frm_radio_11-1\">\t\t\t<label  for=\"field_irsle-1\">\n\t\t\t\t\t<input type=\"radio\" name=\"item_meta[11]\" id=\"field_irsle-1\" value=\"Je fais partie de l\u2019\u00e9quipe informatique\"\n\t\t data-reqmsg=\"Quel est votre poste ? cannot be blank.\" data-invmsg=\"Quel est votre poste ? est non valide\"   \/> Je fais partie de l\u2019\u00e9quipe informatique<\/label><\/div>\n\t\t<div class=\"frm_radio\" id=\"frm_radio_11-2\">\t\t\t<label  for=\"field_irsle-2\">\n\t\t\t\t\t<input type=\"radio\" name=\"item_meta[11]\" id=\"field_irsle-2\" value=\"Je fais partie de la direction\"\n\t\t data-reqmsg=\"Quel est votre poste ? cannot be blank.\" data-invmsg=\"Quel est votre poste ? est non valide\"   \/> Je fais partie de la direction<\/label><\/div>\n\t\t<div class=\"frm_radio\" id=\"frm_radio_11-3\">\t\t\t<label  for=\"field_irsle-3\">\n\t\t\t\t\t<input type=\"radio\" name=\"item_meta[11]\" id=\"field_irsle-3\" value=\"Je suis membre du corps professoral\"\n\t\t data-reqmsg=\"Quel est votre poste ? cannot be blank.\" data-invmsg=\"Quel est votre poste ? est non valide\"   \/> Je suis membre du corps professoral<\/label><\/div>\n<\/div>\r\n    \r\n    \r\n<\/div>\n<div id=\"frm_field_12_container\" class=\"frm_form_field form-field  frm_top_container frm12\">\r\n    <label for=\"field_f4ny9\" id=\"field_f4ny9_label\" class=\"frm_primary_label\">Quel est votre plus grand d\u00e9fi dans la gestion de l'\u00e9ducation et qu'esp\u00e9rez-vous obtenir de Teameo ?\r\n        <span class=\"frm_required\" aria-hidden=\"true\"><\/span>\r\n    <\/label>\r\n    <textarea name=\"item_meta[12]\" id=\"field_f4ny9\" rows=\"5\"  data-invmsg=\"Quel est votre plus grand d\u00e9fi dans la gestion de l&#039;\u00e9ducation et qu&#039;esp\u00e9rez-vous obtenir de Teameo ? est non valide\" aria-invalid=\"false\"  ><\/textarea>\r\n    \r\n    \r\n<\/div>\n<div id=\"frm_field_13_container\" class=\"frm_form_field form-field  frm_none_container\">\r\n    <label for=\"g-recaptcha-response\" id=\"field_k5jyy_label\" class=\"frm_primary_label\">Captcha\r\n        <span class=\"frm_required\" aria-hidden=\"true\"><\/span>\r\n    <\/label>\r\n    \r\n    \r\n    \r\n<\/div>\n<div id=\"frm_field_14_container\" class=\"frm_form_field form-field \">\r\n\t<div class=\"frm_submit\">\r\n\r\n<button class=\"frm_button_submit\" type=\"submit\"  >\u00c9tape suivante<\/button>\r\n\r\n\r\n<\/div>\r\n<\/div>\n\t<input type=\"hidden\" name=\"item_key\" value=\"\" \/>\n\t\t\t<div id=\"frm_field_24_container\">\n\t\t\t<label for=\"field_tgahe\" >\n\t\t\t\tSi vous \u00eates un humain, ne remplissez pas ce champ.\t\t\t<\/label>\n\t\t\t<input  id=\"field_tgahe\" type=\"text\" class=\"frm_form_field form-field frm_verify\" name=\"item_meta[24]\" value=\"\"  \/>\n\t\t<\/div>\n\t\t<input name=\"frm_state\" type=\"hidden\" value=\"Y0FyZ6JpIghSlnhBz3+dg151YkRswgPeMUNOatTC4G8=\" \/><\/div>\n<\/fieldset>\n<\/div>\n\n<\/form>\n<\/div>\n<\/div>\n\t\t\t\t\t\t<\/div>\n\t\t\t\t<\/div>\n\t\t\t\t\t<\/div>\n\t\t<\/div>\n\t\t\t\t\t<\/div>\n\t\t<\/section>\n\t\t\t\t\t<\/div>\n\t\t<\/div>\n\t\t\t\t\t<\/div>\n\t\t<\/section>\n\t\t\t\t<\/div>\n\t\t","protected":false},"excerpt":{"rendered":"<p>Merci de votre int\u00e9r\u00eat pour Calendo! Que vous soyez technop\u00e9dagogue, professionnel de l\u2019informatique ou membre de l\u2019administration, n\u2019h\u00e9sitez pas \u00e0 nous contacter pour toute question ou pour demander une d\u00e9monstration exploratoire. Pendant la d\u00e9monstration, nos experts r\u00e9pondent \u00e0 toutes vos questions Gratuit Sans engagement Environ 30 minutes Voici quelques questions qui nous permettront de mieux [&hellip;]<\/p>\n","protected":false},"author":9,"featured_media":0,"parent":0,"menu_order":0,"comment_status":"closed","ping_status":"closed","template":"elementor_header_footer","meta":{"_monsterinsights_skip_tracking":false,"_monsterinsights_sitenote_active":false,"_monsterinsights_sitenote_note":"","_monsterinsights_sitenote_category":0,"footnotes":""},"class_list":["post-2081","page","type-page","status-publish","hentry"],"jetpack_sharing_enabled":true,"_links":{"self":[{"href":"https:\/\/calendo.io\/fr\/wp-json\/wp\/v2\/pages\/2081","targetHints":{"allow":["GET"]}}],"collection":[{"href":"https:\/\/calendo.io\/fr\/wp-json\/wp\/v2\/pages"}],"about":[{"href":"https:\/\/calendo.io\/fr\/wp-json\/wp\/v2\/types\/page"}],"author":[{"embeddable":true,"href":"https:\/\/calendo.io\/fr\/wp-json\/wp\/v2\/users\/9"}],"replies":[{"embeddable":true,"href":"https:\/\/calendo.io\/fr\/wp-json\/wp\/v2\/comments?post=2081"}],"version-history":[{"count":6,"href":"https:\/\/calendo.io\/fr\/wp-json\/wp\/v2\/pages\/2081\/revisions"}],"predecessor-version":[{"id":2087,"href":"https:\/\/calendo.io\/fr\/wp-json\/wp\/v2\/pages\/2081\/revisions\/2087"}],"wp:attachment":[{"href":"https:\/\/calendo.io\/fr\/wp-json\/wp\/v2\/media?parent=2081"}],"curies":[{"name":"wp","href":"https:\/\/api.w.org\/{rel}","templated":true}]}}